{"id":2854,"date":"2013-10-09T11:35:32","date_gmt":"2013-10-09T09:35:32","guid":{"rendered":"http:\/\/vr-logic.de\/?page_id=2854"},"modified":"2022-04-28T09:28:45","modified_gmt":"2022-04-28T09:28:45","slug":"medienbuero-medienproduktion","status":"publish","type":"page","link":"https:\/\/pulpoprodukte.de\/index.php\/medienbuero-medienproduktion\/","title":{"rendered":"B\u00dcRO"},"content":{"rendered":"\n<p>Das K\u00f6lner Medienb\u00fcro PULPO PRODUKTE wurde 1998 gegr\u00fcndet und produziert seitdem Beitr\u00e4ge f\u00fcr Print, TV und Internet im In- und Ausland. Das Medienb\u00fcro recherchiert Themen f\u00fcr Reportagen, Pressemeldungen, Dokumentationen, Einspielern und Interviews. Auftraggeber sind Fernsehproduktionen, Internetagenturen, TV- und Internetsender, Firmen, Institutionen und Verlage.<\/p>\n\n\n\n<figure class=\"wp-block-image size-large\"><img loading=\"lazy\" decoding=\"async\" width=\"1024\" height=\"683\" src=\"https:\/\/pulpoprodukte.de\/wp-content\/uploads\/2022\/03\/D72_6177-1024x683.jpeg\" alt=\"\" class=\"wp-image-3592\" srcset=\"https:\/\/pulpoprodukte.de\/wp-content\/uploads\/2022\/03\/D72_6177-1024x683.jpeg 1024w, https:\/\/pulpoprodukte.de\/wp-content\/uploads\/2022\/03\/D72_6177-300x200.jpeg 300w, https:\/\/pulpoprodukte.de\/wp-content\/uploads\/2022\/03\/D72_6177-768x512.jpeg 768w, https:\/\/pulpoprodukte.de\/wp-content\/uploads\/2022\/03\/D72_6177.jpeg 1280w\" sizes=\"auto, (max-width: 1024px) 100vw, 1024px\" \/><\/figure>\n\n\n\n<p><meta charset=\"utf-8\">PULPO PRODUKTE versteht sich als Innovator in den Neuen Medien. Mit der Erfahrung aus dem Aufbau und der Redaktion von Websites seit 1996 \u00fcbernahm <meta charset=\"utf-8\">PULPO PRODUKTE ab 2000 auch die Leitung von Onlineredaktionen und den Aufbau von Content Management Systemen f\u00fcr die Produktion von Online- und Print-Inhalten. Seit 2003 \u00fcbernimmt das B\u00fcro auch die Onlineredaktion von Internetplattformen.<\/p>\n\n\n\n<p>Seit 2004 begann die Produktion von speziell f\u00fcr die Ver\u00f6ffentlichung im Internet konfektionierter Filme. Mit der zunehmenden Bedeutung von Youtube und Vimeo wurden immer mehr Internetfilme (Reportagen, Dokumenationen) f\u00fcr die Onlineauftritte f\u00fcr KMU, Verlage und Medienproduktionsfirmen produziert. 2015 begann die Produktion von&nbsp;360 Grad-Imagefilmen. Damit geh\u00f6rt Pulpo Produkte zu den erfahrensten 360 Grad-Filmproduktionen in Deutschland.<\/p>\n\n\n\n<p>Noch im gleichen Jahr wurde die auf 360 Grad Filme spezialisierte&nbsp;TV Logic ausgegr\u00fcndet, die diverse Imagefilme&nbsp;f\u00fcr Organisationen, Verb\u00e4nde, Banken, Industrie und die mittelst\u00e4ndische Wirtschaft produzierte. 2016 wurden auch 360 Grad Live\u00fcbertragungen ins Portfolio aufgenommen. Durch die konsequente Besch\u00e4ftigung mit dem neuen Medium 360 Grad Film und dem 360 Grad Storytelling ist PULPO PRODUKTE ausgewiesener Experte im Bereich 4K-360 Grad-Live Streaming und Echtzeitstitching \u00fcber station\u00e4re und mobile Datenverbindungen. 2017 wurde der Bereich 360 Grad Film und 360 Grad Live\u00fcbertragung wieder bei Pulpo Produkte eingegliedert.<\/p>\n\n\n\n<h3 class=\"wp-block-heading\">PRODUKTE<\/h3>\n\n\n\n<ul class=\"wp-block-list\"><li>Imagefilme, Dokumentationen, Reportagen, Interviews, Features<\/li><li>In 4K oder 360 Grad Film<\/li><li>Filme f\u00fcr InternetTV, Streaming, IPTV, Vodcast<\/li><li>Formatentwicklung f\u00fcr TV- und INternetformate<\/li><li>Print: Magazine, Imagebrosch\u00fcren, Newsletter<\/li><li>Onlineredaktion und Contentpflege von Websites<\/li><\/ul>\n\n\n\n<h3 class=\"wp-block-heading\">THEMENBEREICHE<\/h3>\n\n\n\n<ul class=\"wp-block-list\"><li>Automobil \/ Mobilit\u00e4tswende \/ Barrierefreie Mobilit\u00e4t<\/li><li>Agrar-\/Landwirtschaft<\/li><li>Kunst, Kultur, Musik<\/li><li>Tourismus<\/li><li>Verbraucher- und Wirtschaftsthemen<\/li><\/ul>\n\n\n\n<h3 class=\"wp-block-heading\">SPEZIALIT\u00c4T<\/h3>\n\n\n\n<ul class=\"wp-block-list\"><li>Redaktion + Recherche in deutsch und englisch<\/li><li>Redaktion + Recherche vom Niederl\u00e4ndischen ins Deutsche<\/li><li>Consulting beim Aufbau neuer Medienprojekte<\/li><li>Entwicklung und Umsetzung neuer Formate \u2013 Formatentwicklung<\/li><\/ul>\n\n\n\n<h3 class=\"wp-block-heading\">MITGLIEDSCHAFTEN<\/h3>\n\n\n\n<ul class=\"wp-block-list\"><li><span style=\"font-family: var(--list--font-family); background-color: var(--global--color-background); color: var(--global--color-primary); font-size: var(--global--font-size-base);\">Deutsche Journalisten Union<\/span><\/li><li>Studienkreis f\u00fcr Rundfunk und Geschichte<\/li><li>European Documentary Network EDN bis 2019<\/li><\/ul>\n\n\n\n<h3 class=\"wp-block-heading\">AUSGEZEICHNET<\/h3>\n\n\n\n<p>Beim BestNew 18-1 Wettbewerb konnte sich die Idee zur Arch\u00e4ologischen Zone f\u00fcr K\u00f6ln Tourismus durchsetzen und wurde in die Endrunde gew\u00e4hlt.<\/p>\n\n\n\n<figure class=\"wp-block-image size-large\"><img loading=\"lazy\" decoding=\"async\" width=\"1024\" height=\"238\" src=\"https:\/\/pulpoprodukte.de\/wp-content\/uploads\/2022\/03\/IMG_7629-1024x238.jpeg\" alt=\"\" class=\"wp-image-3643\" srcset=\"https:\/\/pulpoprodukte.de\/wp-content\/uploads\/2022\/03\/IMG_7629-1024x238.jpeg 1024w, https:\/\/pulpoprodukte.de\/wp-content\/uploads\/2022\/03\/IMG_7629-300x70.jpeg 300w, https:\/\/pulpoprodukte.de\/wp-content\/uploads\/2022\/03\/IMG_7629-768x179.jpeg 768w, https:\/\/pulpoprodukte.de\/wp-content\/uploads\/2022\/03\/IMG_7629-1536x357.jpeg 1536w, https:\/\/pulpoprodukte.de\/wp-content\/uploads\/2022\/03\/IMG_7629-2048x477.jpeg 2048w, https:\/\/pulpoprodukte.de\/wp-content\/uploads\/2022\/03\/IMG_7629-1568x365.jpeg 1568w\" sizes=\"auto, (max-width: 1024px) 100vw, 1024px\" \/><\/figure>\n\n\n\n<h3 class=\"wp-block-heading\">TEAM<\/h3>\n\n\n\n<figure class=\"wp-block-image size-full is-resized tw-mb-1 tw-mt-0\"><img loading=\"lazy\" decoding=\"async\" src=\"https:\/\/pulpoprodukte.de\/wp-content\/uploads\/2021\/09\/Bildschirmfoto-2021-09-14-um-11.50.27.png\" alt=\"\" class=\"wp-image-3438\" width=\"110\" height=\"22\"\/><\/figure>\n\n\n\n<p>Er studierte an der Universit\u00e4t Amsterdam Film and Television Studies mit einem Abschluss als International Master of Arts und arbeitete f\u00fcr Medienproduktionsfirmen wie Endemol, creatv und Verlage wie burda, Ehapa Egmont, Motorpresse, Panini und Deutscher Landwirtschaftsverlag, u.a. Er war an der Entwicklung oder Adaption diverser Fernseh- und Onlineformate beteiligt oder daf\u00fcr verantwortlich und ist Autor verschiedener Filmbeitr\u00e4ge (Reportagen, Dokumentarfilme, Features).<\/p>\n\n\n\n<p>Seit seinem Studium gilt sein Interesse den neuen Medienformaten. Schon 1998 gr\u00fcndete er die Onlineagentur <a href=\"https:\/\/web.archive.org\/web\/20210122233405\/http:\/\/www.supersmart.de\/\" target=\"_blank\" rel=\"noreferrer noopener\">Supersmart<\/a>, die sich seitdem mit der Onlineredaktion und Formatentwicklung von neuen Websites besch\u00e4ftigt.<\/p>\n\n\n\n<p>Als Journalist ist er besonders an der Entwicklung des 360 Grad Storytelling interessiert. Dazu hat er neue Konzepte entwickelt und Scripte und Drehb\u00fccher f\u00fcr Reportagen und Imagefilme geschrieben \u2013 ob f\u00fcr Indus\u00adtrie\u00adfil\u00adme oder Doku\u00admen\u00adta\u00adtio\u00adnen.<\/p>\n\n\n\n<p>Sein Wissen im Bereich 360 Grad Film teilt er in Vortr\u00e4gen und Seminaren und ber\u00e4t Unternehmen bei der Nutzung des neuen Mediums.<\/p>\n\n\n\n<h4 class=\"wp-block-heading\">VORTR\u00c4GE<\/h4>\n\n\n\n<ul class=\"wp-block-list\"><li>RFH K\u00f6ln \u2013 Medienkongress zu VR \u2013 360 Grad Film<\/li><\/ul>\n\n\n\n<h5 class=\"wp-block-heading\">zur TV-Showgeschichte seit den 50er Jahren<\/h5>\n\n\n\n<ul class=\"wp-block-list\"><li>Universiteit van Amsterdam<\/li><li>Universiteit van Utrecht<\/li><li>Freie Universit\u00e4t Berlin<\/li><li>Universit\u00e4t Bayreuth<\/li><li>nemoqua Qualifizierung zum Entertainment Producer am&nbsp;K\u00f6lner Filmhaus<\/li><\/ul>\n","protected":false},"excerpt":{"rendered":"<p>Das K\u00f6lner Medienb\u00fcro PULPO PRODUKTE wurde 1998 gegr\u00fcndet und produziert seitdem Beitr\u00e4ge f\u00fcr Print, TV und Internet im In- und Ausland. Das Medienb\u00fcro recherchiert Themen f\u00fcr Reportagen, Pressemeldungen, Dokumentationen, Einspielern und Interviews. Auftraggeber sind Fernsehproduktionen, Internetagenturen, TV- und Internetsender, Firmen, Institutionen und Verlage. PULPO PRODUKTE versteht sich als Innovator in den Neuen Medien. Mit der [&hellip;]<\/p>\n","protected":false},"author":1,"featured_media":3108,"parent":0,"menu_order":0,"comment_status":"closed","ping_status":"closed","template":"tw-no-title.php","meta":{"footnotes":""},"class_list":["post-2854","page","type-page","status-publish","has-post-thumbnail","hentry"],"yoast_head":"<!-- This site is optimized with the Yoast SEO plugin v27.5 - https:\/\/yoast.com\/product\/yoast-seo-wordpress\/ -->\n<title>B\u00dcRO - Medienb\u00fcro Pulpo Produkte<\/title>\n<meta name=\"robots\" content=\"index, follow, max-snippet:-1, max-image-preview:large, max-video-preview:-1\" \/>\n<link rel=\"canonical\" href=\"https:\/\/pulpoprodukte.de\/index.php\/medienbuero-medienproduktion\/\" \/>\n<meta property=\"og:locale\" content=\"de_DE\" \/>\n<meta property=\"og:type\" content=\"article\" \/>\n<meta property=\"og:title\" content=\"B\u00dcRO - Medienb\u00fcro Pulpo Produkte\" \/>\n<meta property=\"og:description\" content=\"Das K\u00f6lner Medienb\u00fcro PULPO PRODUKTE wurde 1998 gegr\u00fcndet und produziert seitdem Beitr\u00e4ge f\u00fcr Print, TV und Internet im In- und Ausland. Das Medienb\u00fcro recherchiert Themen f\u00fcr Reportagen, Pressemeldungen, Dokumentationen, Einspielern und Interviews. Auftraggeber sind Fernsehproduktionen, Internetagenturen, TV- und Internetsender, Firmen, Institutionen und Verlage. PULPO PRODUKTE versteht sich als Innovator in den Neuen Medien. Mit der [&hellip;]\" \/>\n<meta property=\"og:url\" content=\"https:\/\/pulpoprodukte.de\/index.php\/medienbuero-medienproduktion\/\" \/>\n<meta property=\"og:site_name\" content=\"Medienb\u00fcro Pulpo Produkte\" \/>\n<meta property=\"article:modified_time\" content=\"2022-04-28T09:28:45+00:00\" \/>\n<meta name=\"twitter:card\" content=\"summary_large_image\" \/>\n<meta name=\"twitter:label1\" content=\"Gesch\u00e4tzte Lesezeit\" \/>\n\t<meta name=\"twitter:data1\" content=\"4\u00a0Minuten\" \/>\n<script type=\"application\/ld+json\" class=\"yoast-schema-graph\">{\"@context\":\"https:\\\/\\\/schema.org\",\"@graph\":[{\"@type\":\"WebPage\",\"@id\":\"https:\\\/\\\/pulpoprodukte.de\\\/index.php\\\/medienbuero-medienproduktion\\\/\",\"url\":\"https:\\\/\\\/pulpoprodukte.de\\\/index.php\\\/medienbuero-medienproduktion\\\/\",\"name\":\"B\u00dcRO - Medienb\u00fcro Pulpo Produkte\",\"isPartOf\":{\"@id\":\"https:\\\/\\\/pulpoprodukte.de\\\/#website\"},\"primaryImageOfPage\":{\"@id\":\"https:\\\/\\\/pulpoprodukte.de\\\/index.php\\\/medienbuero-medienproduktion\\\/#primaryimage\"},\"image\":{\"@id\":\"https:\\\/\\\/pulpoprodukte.de\\\/index.php\\\/medienbuero-medienproduktion\\\/#primaryimage\"},\"thumbnailUrl\":\"\",\"datePublished\":\"2013-10-09T09:35:32+00:00\",\"dateModified\":\"2022-04-28T09:28:45+00:00\",\"breadcrumb\":{\"@id\":\"https:\\\/\\\/pulpoprodukte.de\\\/index.php\\\/medienbuero-medienproduktion\\\/#breadcrumb\"},\"inLanguage\":\"de\",\"potentialAction\":[{\"@type\":\"ReadAction\",\"target\":[\"https:\\\/\\\/pulpoprodukte.de\\\/index.php\\\/medienbuero-medienproduktion\\\/\"]}]},{\"@type\":\"ImageObject\",\"inLanguage\":\"de\",\"@id\":\"https:\\\/\\\/pulpoprodukte.de\\\/index.php\\\/medienbuero-medienproduktion\\\/#primaryimage\",\"url\":\"\",\"contentUrl\":\"\"},{\"@type\":\"BreadcrumbList\",\"@id\":\"https:\\\/\\\/pulpoprodukte.de\\\/index.php\\\/medienbuero-medienproduktion\\\/#breadcrumb\",\"itemListElement\":[{\"@type\":\"ListItem\",\"position\":1,\"name\":\"Startseite\",\"item\":\"https:\\\/\\\/pulpoprodukte.de\\\/\"},{\"@type\":\"ListItem\",\"position\":2,\"name\":\"B\u00dcRO\"}]},{\"@type\":\"WebSite\",\"@id\":\"https:\\\/\\\/pulpoprodukte.de\\\/#website\",\"url\":\"https:\\\/\\\/pulpoprodukte.de\\\/\",\"name\":\"Medienb\u00fcro Pulpo Produkte\",\"description\":\"\",\"publisher\":{\"@id\":\"https:\\\/\\\/pulpoprodukte.de\\\/#organization\"},\"potentialAction\":[{\"@type\":\"SearchAction\",\"target\":{\"@type\":\"EntryPoint\",\"urlTemplate\":\"https:\\\/\\\/pulpoprodukte.de\\\/?s={search_term_string}\"},\"query-input\":{\"@type\":\"PropertyValueSpecification\",\"valueRequired\":true,\"valueName\":\"search_term_string\"}}],\"inLanguage\":\"de\"},{\"@type\":\"Organization\",\"@id\":\"https:\\\/\\\/pulpoprodukte.de\\\/#organization\",\"name\":\"Medienb\u00fcro Pulpo Produkte\",\"url\":\"https:\\\/\\\/pulpoprodukte.de\\\/\",\"logo\":{\"@type\":\"ImageObject\",\"inLanguage\":\"de\",\"@id\":\"https:\\\/\\\/pulpoprodukte.de\\\/#\\\/schema\\\/logo\\\/image\\\/\",\"url\":\"https:\\\/\\\/pulpoprodukte.de\\\/wp-content\\\/uploads\\\/2021\\\/09\\\/cropped-Pulpoprodukte-transp-4z3-1.png\",\"contentUrl\":\"https:\\\/\\\/pulpoprodukte.de\\\/wp-content\\\/uploads\\\/2021\\\/09\\\/cropped-Pulpoprodukte-transp-4z3-1.png\",\"width\":1400,\"height\":1050,\"caption\":\"Medienb\u00fcro Pulpo Produkte\"},\"image\":{\"@id\":\"https:\\\/\\\/pulpoprodukte.de\\\/#\\\/schema\\\/logo\\\/image\\\/\"}}]}<\/script>\n<!-- \/ Yoast SEO plugin. -->","yoast_head_json":{"title":"B\u00dcRO - Medienb\u00fcro Pulpo Produkte","robots":{"index":"index","follow":"follow","max-snippet":"max-snippet:-1","max-image-preview":"max-image-preview:large","max-video-preview":"max-video-preview:-1"},"canonical":"https:\/\/pulpoprodukte.de\/index.php\/medienbuero-medienproduktion\/","og_locale":"de_DE","og_type":"article","og_title":"B\u00dcRO - Medienb\u00fcro Pulpo Produkte","og_description":"Das K\u00f6lner Medienb\u00fcro PULPO PRODUKTE wurde 1998 gegr\u00fcndet und produziert seitdem Beitr\u00e4ge f\u00fcr Print, TV und Internet im In- und Ausland. Das Medienb\u00fcro recherchiert Themen f\u00fcr Reportagen, Pressemeldungen, Dokumentationen, Einspielern und Interviews. Auftraggeber sind Fernsehproduktionen, Internetagenturen, TV- und Internetsender, Firmen, Institutionen und Verlage. PULPO PRODUKTE versteht sich als Innovator in den Neuen Medien. Mit der [&hellip;]","og_url":"https:\/\/pulpoprodukte.de\/index.php\/medienbuero-medienproduktion\/","og_site_name":"Medienb\u00fcro Pulpo Produkte","article_modified_time":"2022-04-28T09:28:45+00:00","twitter_card":"summary_large_image","twitter_misc":{"Gesch\u00e4tzte Lesezeit":"4\u00a0Minuten"},"schema":{"@context":"https:\/\/schema.org","@graph":[{"@type":"WebPage","@id":"https:\/\/pulpoprodukte.de\/index.php\/medienbuero-medienproduktion\/","url":"https:\/\/pulpoprodukte.de\/index.php\/medienbuero-medienproduktion\/","name":"B\u00dcRO - Medienb\u00fcro Pulpo Produkte","isPartOf":{"@id":"https:\/\/pulpoprodukte.de\/#website"},"primaryImageOfPage":{"@id":"https:\/\/pulpoprodukte.de\/index.php\/medienbuero-medienproduktion\/#primaryimage"},"image":{"@id":"https:\/\/pulpoprodukte.de\/index.php\/medienbuero-medienproduktion\/#primaryimage"},"thumbnailUrl":"","datePublished":"2013-10-09T09:35:32+00:00","dateModified":"2022-04-28T09:28:45+00:00","breadcrumb":{"@id":"https:\/\/pulpoprodukte.de\/index.php\/medienbuero-medienproduktion\/#breadcrumb"},"inLanguage":"de","potentialAction":[{"@type":"ReadAction","target":["https:\/\/pulpoprodukte.de\/index.php\/medienbuero-medienproduktion\/"]}]},{"@type":"ImageObject","inLanguage":"de","@id":"https:\/\/pulpoprodukte.de\/index.php\/medienbuero-medienproduktion\/#primaryimage","url":"","contentUrl":""},{"@type":"BreadcrumbList","@id":"https:\/\/pulpoprodukte.de\/index.php\/medienbuero-medienproduktion\/#breadcrumb","itemListElement":[{"@type":"ListItem","position":1,"name":"Startseite","item":"https:\/\/pulpoprodukte.de\/"},{"@type":"ListItem","position":2,"name":"B\u00dcRO"}]},{"@type":"WebSite","@id":"https:\/\/pulpoprodukte.de\/#website","url":"https:\/\/pulpoprodukte.de\/","name":"Medienb\u00fcro Pulpo Produkte","description":"","publisher":{"@id":"https:\/\/pulpoprodukte.de\/#organization"},"potentialAction":[{"@type":"SearchAction","target":{"@type":"EntryPoint","urlTemplate":"https:\/\/pulpoprodukte.de\/?s={search_term_string}"},"query-input":{"@type":"PropertyValueSpecification","valueRequired":true,"valueName":"search_term_string"}}],"inLanguage":"de"},{"@type":"Organization","@id":"https:\/\/pulpoprodukte.de\/#organization","name":"Medienb\u00fcro Pulpo Produkte","url":"https:\/\/pulpoprodukte.de\/","logo":{"@type":"ImageObject","inLanguage":"de","@id":"https:\/\/pulpoprodukte.de\/#\/schema\/logo\/image\/","url":"https:\/\/pulpoprodukte.de\/wp-content\/uploads\/2021\/09\/cropped-Pulpoprodukte-transp-4z3-1.png","contentUrl":"https:\/\/pulpoprodukte.de\/wp-content\/uploads\/2021\/09\/cropped-Pulpoprodukte-transp-4z3-1.png","width":1400,"height":1050,"caption":"Medienb\u00fcro Pulpo Produkte"},"image":{"@id":"https:\/\/pulpoprodukte.de\/#\/schema\/logo\/image\/"}}]}},"jetpack_sharing_enabled":true,"_links":{"self":[{"href":"https:\/\/pulpoprodukte.de\/index.php\/wp-json\/wp\/v2\/pages\/2854","targetHints":{"allow":["GET"]}}],"collection":[{"href":"https:\/\/pulpoprodukte.de\/index.php\/wp-json\/wp\/v2\/pages"}],"about":[{"href":"https:\/\/pulpoprodukte.de\/index.php\/wp-json\/wp\/v2\/types\/page"}],"author":[{"embeddable":true,"href":"https:\/\/pulpoprodukte.de\/index.php\/wp-json\/wp\/v2\/users\/1"}],"replies":[{"embeddable":true,"href":"https:\/\/pulpoprodukte.de\/index.php\/wp-json\/wp\/v2\/comments?post=2854"}],"version-history":[{"count":16,"href":"https:\/\/pulpoprodukte.de\/index.php\/wp-json\/wp\/v2\/pages\/2854\/revisions"}],"predecessor-version":[{"id":3810,"href":"https:\/\/pulpoprodukte.de\/index.php\/wp-json\/wp\/v2\/pages\/2854\/revisions\/3810"}],"wp:featuredmedia":[{"embeddable":true,"href":"https:\/\/pulpoprodukte.de\/index.php\/wp-json\/"}],"wp:attachment":[{"href":"https:\/\/pulpoprodukte.de\/index.php\/wp-json\/wp\/v2\/media?parent=2854"}],"curies":[{"name":"wp","href":"https:\/\/api.w.org\/{rel}","templated":true}]}}